{"id":63,"date":"2025-07-03T17:14:16","date_gmt":"2025-07-03T15:14:16","guid":{"rendered":"https:\/\/lushlucas.com\/?page_id=63"},"modified":"2026-02-23T08:19:43","modified_gmt":"2026-02-23T08:19:43","slug":"faqs","status":"publish","type":"page","link":"https:\/\/lushlucas.com\/fr\/faqs\/","title":{"rendered":"Foire \u00e0 questions"},"content":{"rendered":"\n<div class=\"wp-block-group alignfull is-style-section-5 is-layout-flow wp-block-group-is-layout-flow is-style-section-5--1\" style=\"min-height:100vh;margin-top:0;margin-bottom:0;padding-top:var(--wp--preset--spacing--50);padding-right:var(--wp--preset--spacing--50);padding-bottom:var(--wp--preset--spacing--50);padding-left:var(--wp--preset--spacing--50)\">\n<div class=\"wp-block-columns is-layout-flex wp-container-core-columns-is-layout-28f84493 wp-block-columns-is-layout-flex\">\n<div class=\"wp-block-column is-layout-flow wp-block-column-is-layout-flow\" style=\"flex-basis:33.33%\">\n<figure class=\"wp-block-image aligncenter size-large is-style-rounded\"><img loading=\"lazy\" decoding=\"async\" width=\"683\" height=\"1024\" src=\"https:\/\/lushlucas.com\/fr\/wp-content\/uploads\/sites\/3\/2025\/08\/DSC7373-683x1024.jpg\" alt=\"\" class=\"wp-image-273\" srcset=\"https:\/\/lushlucas.com\/fr\/wp-content\/uploads\/sites\/3\/2025\/08\/DSC7373-683x1024.jpg 683w, https:\/\/lushlucas.com\/fr\/wp-content\/uploads\/sites\/3\/2025\/08\/DSC7373-200x300.jpg 200w, https:\/\/lushlucas.com\/fr\/wp-content\/uploads\/sites\/3\/2025\/08\/DSC7373-768x1152.jpg 768w, https:\/\/lushlucas.com\/fr\/wp-content\/uploads\/sites\/3\/2025\/08\/DSC7373-1024x1536.jpg 1024w, https:\/\/lushlucas.com\/fr\/wp-content\/uploads\/sites\/3\/2025\/08\/DSC7373-1366x2048.jpg 1366w, https:\/\/lushlucas.com\/fr\/wp-content\/uploads\/sites\/3\/2025\/08\/DSC7373-scaled.jpg 1707w\" sizes=\"auto, (max-width: 683px) 100vw, 683px\" \/><\/figure>\n<\/div>\n\n\n\n<div class=\"wp-block-column is-layout-flow wp-block-column-is-layout-flow\" style=\"padding-top:0;padding-bottom:0;flex-basis:66.66%\">\n<details class=\"wp-block-details is-layout-flow wp-container-core-details-is-layout-8a368f38 wp-block-details-is-layout-flow\" style=\"border-bottom-width:1px\"><summary>Pourquoi fais-je de \u00ab l\u2019escorting \u00bb?<\/summary>\n<p style=\"padding-top:var(--wp--preset--spacing--20);padding-bottom:var(--wp--preset--spacing--20)\"><em>Je suis escort depuis environ 3 ans. Ma motivation d\u00e8s le d\u00e9part jusqu\u2019\u00e0 maintenant a toujours \u00e9t\u00e9 de pouvoir consacrer le maximum de mon temps \u00e0 mes activit\u00e9s cr\u00e9atives et artistiques &#8211; la libert\u00e9 que les rencontres m\u2019ont accord\u00e9 n\u2019a donc pas de prix.<\/em><\/p>\n\n\n\n<p style=\"padding-top:var(--wp--preset--spacing--20);padding-bottom:var(--wp--preset--spacing--20)\"><em>M\u00eame si beaucoup de choses ont chang\u00e9 depuis mes d\u00e9buts, je poursuivrai cette activit\u00e9 tant qu&rsquo;elle m&rsquo;apportera du plaisir et des d\u00e9couvertes : de personnes remarquables, de jolis endroits et de nouvelles exp\u00e9riences.<\/em><\/p>\n<\/details>\n\n\n\n<details class=\"wp-block-details is-layout-flow wp-block-details-is-layout-flow\" style=\"border-bottom-width:1px\"><summary>Quel est mon partenaire id\u00e9ale ?<\/summary>\n<p style=\"padding-top:var(--wp--preset--spacing--20);padding-bottom:var(--wp--preset--spacing--20)\"><em>Vous constaterez que je n&rsquo;utilise pas le mot \u00ab client \u00bb &#8211; et ce n&rsquo;est pas seulement pour prot\u00e9ger mon site web&nbsp; ! Tout simplement, je n\u2019ai aucun int\u00e9r\u00eat \u00e0 rencontrer des personnes qui consid\u00e8rent un rendez-vous avec moi comme une d\u00e9marche commerciale.&nbsp;<\/em><\/p>\n\n\n\n<p style=\"padding-top:var(--wp--preset--spacing--20);padding-bottom:var(--wp--preset--spacing--20)\"><em>Mon partenaire id\u00e9al serait donc quelqu&rsquo;un qui respecte mon temps et mes limites, cela en va de soi, mais aussi quelqu&rsquo;un qui comprend que le meilleur sexe, comme les meilleures conversations, doit \u00eatre r\u00e9ciproque. Une personne en harmonie avec ses d\u00e9sirs et d\u00e9termin\u00e9e \u00e0 les r\u00e9aliser.<\/em><\/p>\n<\/details>\n\n\n\n<details class=\"wp-block-details is-layout-flow wp-block-details-is-layout-flow\" style=\"border-bottom-width:1px\"><summary>Quelles sont mes pratiques de pr\u00e9dilection dans l&rsquo;intimit\u00e9 ?<\/summary>\n<p><em>Bien que mon \u00e9ducation britannique ait une influence consid\u00e9rable sur ma personnalit\u00e9, elle ne m&rsquo;a certainement pas rendu pudique ! En termes simples, je suis versatile et polyvalent dans ma fa\u00e7on d&rsquo;assouvir mes plaisirs. Cela dit, un oui ne signifie rien sans le non : les deux limites majeures que j&rsquo;ai sont le sexe (anal) non prot\u00e9g\u00e9 et le BDSM o\u00f9 je suis soumise. Cependant, en dehors de cela j&rsquo;ai une curiosit\u00e9 insatiable et une envie d&rsquo;explorer toutes les possibilit\u00e9s du plaisir. Pourquoi ne pas poursuivre la conversation dans <a href=\"https:\/\/lushlucas.com\/fr\/contact-me\/\" data-type=\"page\" data-id=\"52\">un cadre plus priv\u00e9 <\/a>?<\/em><\/p>\n<\/details>\n\n\n\n<details class=\"wp-block-details is-layout-flow wp-block-details-is-layout-flow\" style=\"border-bottom-width:1px\"><summary>Jusqu\u2019o\u00f9 puis-je me d\u00e9placer ?<\/summary>\n<p><em>Je suis \u00e0 Paris, et je peux facilement sauter dans un train pour me rendre partout dans la France et ailleurs : Londres, la Suisse, l&rsquo;Espagne. J\u2019adore voyager, encore plus quand c\u2019est \u00e0 deux<\/em>&#8230;<br><em>Il est \u00e9galement possible de voyager plus loin, mais selon la destination je pourrais vous demander de me rencontrer dans une ville plus proche pour notre premi\u00e8re fois. Finalement, pour ceux qui d\u00e9butent dans le milieu, ceci fonctionne bien s\u00fbr avec une avance de mes frais de d\u00e9placement.<\/em><\/p>\n<\/details>\n\n\n\n<details class=\"wp-block-details is-layout-flow wp-block-details-is-layout-flow\" style=\"border-bottom-width:1px\"><summary>Combien demande-je ?<\/summary>\n<p><em>Vous trouverez ci-dessus une indication des montants que je demande pour me rencontrer. Bien que je n\u2019appr\u00e9cie gu\u00e8re la n\u00e9gociation, votre franchise est toujours la bienvenue et si vous me communiquez votre budget d\u00e8s le d\u00e9part, je serai toujours heureux de trouver une solution qui nous convienne \u00e0 tous les deux.<\/em><\/p>\n\n\n\n<h6 class=\"wp-block-heading\">rencontres fugaces<\/h6>\n\n\n\n<p class=\"has-small-font-size\"><em>possible \u00e0 Paris uniquement<\/em><\/p>\n\n\n\n<figure class=\"wp-block-table\"><table class=\"has-fixed-layout\"><tbody><tr><td><em><strong>Rendez-vous gallant<\/strong><\/em><br>Un moment de plaisir<\/td><td>400\u20ac<\/td><\/tr><tr><td><em><strong>Soir\u00e9e \u00e0 deux<\/strong><\/em><br>Resto, expo et bien plus<\/td><td>600\u20ac<\/td><\/tr><\/tbody><\/table><\/figure>\n\n\n\n<h6 class=\"wp-block-heading\">rencontres profondes<\/h6>\n\n\n\n<p class=\"has-small-font-size\"><em>comprend tous frais de d\u00e9placement<\/em><\/p>\n\n\n\n<figure class=\"wp-block-table\"><table class=\"has-fixed-layout\"><tbody><tr><td><\/td><td><em>\u00c0 Paris<\/em><\/td><td><em>En Europe<\/em><\/td><td><em>Hors Europe<\/em><\/td><\/tr><tr><td><em><strong>Nuit enti\u00e8re<\/strong><\/em><\/td><td>1,000\u20ac<\/td><td>1,500\u20ac<\/td><td>2,500\u20ac<\/td><\/tr><tr><td><em><strong>24 heures \u00e0 deux<\/strong><\/em><\/td><td>1,500\u20ac<\/td><td>2,000\u20ac<\/td><td>3,000\u20ac<\/td><\/tr><tr><td><em><strong>Escapade week-end<\/strong><\/em><\/td><td>2,500\u20ac<\/td><td>3,000\u20ac<\/td><td>4,000\u20ac<\/td><\/tr><\/tbody><\/table><\/figure>\n\n\n\n<h6 class=\"wp-block-heading\">Rencontres uniques<\/h6>\n\n\n\n<p class=\"has-small-font-size\"><em>comprend tous frais de d\u00e9placement<\/em><\/p>\n\n\n\n<figure class=\"wp-block-table\"><table class=\"has-fixed-layout\"><tbody><tr><td><\/td><td><em>\u00c0 Paris<\/em><\/td><td><em>En Europe<\/em><\/td><td><em>Hors Europe<\/em><\/td><\/tr><tr><td><em><strong>Une semaine<\/strong><\/em><\/td><td>6,500\u20ac<\/td><td>7,000\u20ac<\/td><td>8,000\u20ac<\/td><\/tr><tr><td><em><strong>15 jours<\/strong><\/em><br><\/td><td>9,500\u20ac<\/td><td>10,000\u20ac<\/td><td>11,000\u20ac<\/td><\/tr><tr><td><em><strong>Un mois<\/strong><\/em><br><\/td><td>18,500\u20ac<\/td><td>19,000\u20ac<\/td><td>20,000\u20ac<\/td><\/tr><\/tbody><\/table><\/figure>\n<\/details>\n\n\n\n<details class=\"wp-block-details is-layout-flow wp-block-details-is-layout-flow\"><summary>Comment pouvez-vous savoir que je suis r\u00e9el ?<\/summary>\n<p><em>Je comprends que dans le <\/em>Wild West<em> de l\u2019Internet, il peut \u00eatre difficile de savoir ce qui est vrai. Ceci \u00e9tant, cr\u00e9er et maintenir un site web personnel demande \u00e9norm\u00e9ment de temps et d&rsquo;efforts. Tout simplement, je n\u2019aurais pas fait tout cela si mon seul but \u00e9tait d&rsquo;arnaquer des gens sur le web !<\/em><\/p>\n\n\n\n<p><em>Si vous avez besoin d\u2019une garantie suppl\u00e9mentaire, j&rsquo;ai des annonces et des avis sur les deux principaux sites d&rsquo;escortes masculines en Europe, tous les deux actifs depuis 2023. Vous pouvez les trouver <a href=\"https:\/\/www.romeo.com\/hunq\/lushlucas\">ici <\/a>et <a href=\"https:\/\/rent.men\/LushLucas\">ici<\/a>.<\/em><\/p>\n<\/details>\n<\/div>\n<\/div>\n<\/div>\n\n\n\n<p><\/p>\n","protected":false},"excerpt":{"rendered":"","protected":false},"author":1,"featured_media":0,"parent":0,"menu_order":0,"comment_status":"closed","ping_status":"closed","template":"","meta":{"ngg_post_thumbnail":0,"footnotes":""},"class_list":["post-63","page","type-page","status-publish","hentry"],"yoast_head":"<!-- This site is optimized with the Yoast SEO plugin v27.2 - https:\/\/yoast.com\/product\/yoast-seo-wordpress\/ -->\n<title>Foire \u00e0 questions - Lush Lucas<\/title>\n<meta name=\"robots\" content=\"index, follow, max-snippet:-1, max-image-preview:large, max-video-preview:-1\" \/>\n<link rel=\"canonical\" href=\"https:\/\/lushlucas.com\/fr\/faqs\/\" \/>\n<meta property=\"og:locale\" content=\"fr_FR\" \/>\n<meta property=\"og:type\" content=\"article\" \/>\n<meta property=\"og:title\" content=\"Foire \u00e0 questions - Lush Lucas\" \/>\n<meta property=\"og:url\" content=\"https:\/\/lushlucas.com\/fr\/faqs\/\" \/>\n<meta property=\"og:site_name\" content=\"Lush Lucas\" \/>\n<meta property=\"article:modified_time\" content=\"2026-02-23T08:19:43+00:00\" \/>\n<meta property=\"og:image\" content=\"https:\/\/lushlucas.com\/fr\/wp-content\/uploads\/sites\/3\/2025\/08\/DSC7373-scaled.jpg\" \/>\n\t<meta property=\"og:image:width\" content=\"1707\" \/>\n\t<meta property=\"og:image:height\" content=\"2560\" \/>\n\t<meta property=\"og:image:type\" content=\"image\/jpeg\" \/>\n<meta name=\"twitter:card\" content=\"summary_large_image\" \/>\n<meta name=\"twitter:label1\" content=\"Dur\u00e9e de lecture estim\u00e9e\" \/>\n\t<meta name=\"twitter:data1\" content=\"4 minutes\" \/>\n<script type=\"application\/ld+json\" class=\"yoast-schema-graph\">{\"@context\":\"https:\/\/schema.org\",\"@graph\":[{\"@type\":\"WebPage\",\"@id\":\"https:\/\/lushlucas.com\/fr\/faqs\/\",\"url\":\"https:\/\/lushlucas.com\/fr\/faqs\/\",\"name\":\"Foire \u00e0 questions - Lush Lucas\",\"isPartOf\":{\"@id\":\"https:\/\/lushlucas.com\/fr\/#website\"},\"primaryImageOfPage\":{\"@id\":\"https:\/\/lushlucas.com\/fr\/faqs\/#primaryimage\"},\"image\":{\"@id\":\"https:\/\/lushlucas.com\/fr\/faqs\/#primaryimage\"},\"thumbnailUrl\":\"https:\/\/lushlucas.com\/fr\/wp-content\/uploads\/sites\/3\/2025\/08\/DSC7373-683x1024.jpg\",\"datePublished\":\"2025-07-03T15:14:16+00:00\",\"dateModified\":\"2026-02-23T08:19:43+00:00\",\"breadcrumb\":{\"@id\":\"https:\/\/lushlucas.com\/fr\/faqs\/#breadcrumb\"},\"inLanguage\":\"fr-FR\",\"potentialAction\":[{\"@type\":\"ReadAction\",\"target\":[\"https:\/\/lushlucas.com\/fr\/faqs\/\"]}]},{\"@type\":\"ImageObject\",\"inLanguage\":\"fr-FR\",\"@id\":\"https:\/\/lushlucas.com\/fr\/faqs\/#primaryimage\",\"url\":\"https:\/\/lushlucas.com\/fr\/wp-content\/uploads\/sites\/3\/2025\/08\/DSC7373-scaled.jpg\",\"contentUrl\":\"https:\/\/lushlucas.com\/fr\/wp-content\/uploads\/sites\/3\/2025\/08\/DSC7373-scaled.jpg\",\"width\":1707,\"height\":2560},{\"@type\":\"BreadcrumbList\",\"@id\":\"https:\/\/lushlucas.com\/fr\/faqs\/#breadcrumb\",\"itemListElement\":[{\"@type\":\"ListItem\",\"position\":1,\"name\":\"Home\",\"item\":\"https:\/\/lushlucas.com\/fr\/\"},{\"@type\":\"ListItem\",\"position\":2,\"name\":\"Foire \u00e0 questions\"}]},{\"@type\":\"WebSite\",\"@id\":\"https:\/\/lushlucas.com\/fr\/#website\",\"url\":\"https:\/\/lushlucas.com\/fr\/\",\"name\":\"Lush Lucas\",\"description\":\"Compagnon parisien exclusif, disponible dans toute l\u2019Europe et ailleurs...\",\"publisher\":{\"@id\":\"https:\/\/lushlucas.com\/fr\/#\/schema\/person\/8b56782ea19c6341cac15271efd29dd0\"},\"potentialAction\":[{\"@type\":\"SearchAction\",\"target\":{\"@type\":\"EntryPoint\",\"urlTemplate\":\"https:\/\/lushlucas.com\/fr\/?s={search_term_string}\"},\"query-input\":{\"@type\":\"PropertyValueSpecification\",\"valueRequired\":true,\"valueName\":\"search_term_string\"}}],\"inLanguage\":\"fr-FR\"},{\"@type\":[\"Person\",\"Organization\"],\"@id\":\"https:\/\/lushlucas.com\/fr\/#\/schema\/person\/8b56782ea19c6341cac15271efd29dd0\",\"name\":\"Lucas\",\"image\":{\"@type\":\"ImageObject\",\"inLanguage\":\"fr-FR\",\"@id\":\"https:\/\/lushlucas.com\/fr\/wp-content\/uploads\/sites\/3\/2025\/08\/DSC7515BLUR-scaled.jpg\",\"url\":\"https:\/\/lushlucas.com\/fr\/wp-content\/uploads\/sites\/3\/2025\/08\/DSC7515BLUR-scaled.jpg\",\"contentUrl\":\"https:\/\/lushlucas.com\/fr\/wp-content\/uploads\/sites\/3\/2025\/08\/DSC7515BLUR-scaled.jpg\",\"width\":2560,\"height\":1707,\"caption\":\"Lucas\"},\"logo\":{\"@id\":\"https:\/\/lushlucas.com\/fr\/wp-content\/uploads\/sites\/3\/2025\/08\/DSC7515BLUR-scaled.jpg\"},\"sameAs\":[\"https:\/\/lushlucas.com\"]}]}<\/script>\n<!-- \/ Yoast SEO plugin. -->","yoast_head_json":{"title":"Foire \u00e0 questions - Lush Lucas","robots":{"index":"index","follow":"follow","max-snippet":"max-snippet:-1","max-image-preview":"max-image-preview:large","max-video-preview":"max-video-preview:-1"},"canonical":"https:\/\/lushlucas.com\/fr\/faqs\/","og_locale":"fr_FR","og_type":"article","og_title":"Foire \u00e0 questions - Lush Lucas","og_url":"https:\/\/lushlucas.com\/fr\/faqs\/","og_site_name":"Lush Lucas","article_modified_time":"2026-02-23T08:19:43+00:00","og_image":[{"width":1707,"height":2560,"url":"https:\/\/lushlucas.com\/fr\/wp-content\/uploads\/sites\/3\/2025\/08\/DSC7373-scaled.jpg","type":"image\/jpeg"}],"twitter_card":"summary_large_image","twitter_misc":{"Dur\u00e9e de lecture estim\u00e9e":"4 minutes"},"schema":{"@context":"https:\/\/schema.org","@graph":[{"@type":"WebPage","@id":"https:\/\/lushlucas.com\/fr\/faqs\/","url":"https:\/\/lushlucas.com\/fr\/faqs\/","name":"Foire \u00e0 questions - Lush Lucas","isPartOf":{"@id":"https:\/\/lushlucas.com\/fr\/#website"},"primaryImageOfPage":{"@id":"https:\/\/lushlucas.com\/fr\/faqs\/#primaryimage"},"image":{"@id":"https:\/\/lushlucas.com\/fr\/faqs\/#primaryimage"},"thumbnailUrl":"https:\/\/lushlucas.com\/fr\/wp-content\/uploads\/sites\/3\/2025\/08\/DSC7373-683x1024.jpg","datePublished":"2025-07-03T15:14:16+00:00","dateModified":"2026-02-23T08:19:43+00:00","breadcrumb":{"@id":"https:\/\/lushlucas.com\/fr\/faqs\/#breadcrumb"},"inLanguage":"fr-FR","potentialAction":[{"@type":"ReadAction","target":["https:\/\/lushlucas.com\/fr\/faqs\/"]}]},{"@type":"ImageObject","inLanguage":"fr-FR","@id":"https:\/\/lushlucas.com\/fr\/faqs\/#primaryimage","url":"https:\/\/lushlucas.com\/fr\/wp-content\/uploads\/sites\/3\/2025\/08\/DSC7373-scaled.jpg","contentUrl":"https:\/\/lushlucas.com\/fr\/wp-content\/uploads\/sites\/3\/2025\/08\/DSC7373-scaled.jpg","width":1707,"height":2560},{"@type":"BreadcrumbList","@id":"https:\/\/lushlucas.com\/fr\/faqs\/#breadcrumb","itemListElement":[{"@type":"ListItem","position":1,"name":"Home","item":"https:\/\/lushlucas.com\/fr\/"},{"@type":"ListItem","position":2,"name":"Foire \u00e0 questions"}]},{"@type":"WebSite","@id":"https:\/\/lushlucas.com\/fr\/#website","url":"https:\/\/lushlucas.com\/fr\/","name":"Lush Lucas","description":"Compagnon parisien exclusif, disponible dans toute l\u2019Europe et ailleurs...","publisher":{"@id":"https:\/\/lushlucas.com\/fr\/#\/schema\/person\/8b56782ea19c6341cac15271efd29dd0"},"potentialAction":[{"@type":"SearchAction","target":{"@type":"EntryPoint","urlTemplate":"https:\/\/lushlucas.com\/fr\/?s={search_term_string}"},"query-input":{"@type":"PropertyValueSpecification","valueRequired":true,"valueName":"search_term_string"}}],"inLanguage":"fr-FR"},{"@type":["Person","Organization"],"@id":"https:\/\/lushlucas.com\/fr\/#\/schema\/person\/8b56782ea19c6341cac15271efd29dd0","name":"Lucas","image":{"@type":"ImageObject","inLanguage":"fr-FR","@id":"https:\/\/lushlucas.com\/fr\/wp-content\/uploads\/sites\/3\/2025\/08\/DSC7515BLUR-scaled.jpg","url":"https:\/\/lushlucas.com\/fr\/wp-content\/uploads\/sites\/3\/2025\/08\/DSC7515BLUR-scaled.jpg","contentUrl":"https:\/\/lushlucas.com\/fr\/wp-content\/uploads\/sites\/3\/2025\/08\/DSC7515BLUR-scaled.jpg","width":2560,"height":1707,"caption":"Lucas"},"logo":{"@id":"https:\/\/lushlucas.com\/fr\/wp-content\/uploads\/sites\/3\/2025\/08\/DSC7515BLUR-scaled.jpg"},"sameAs":["https:\/\/lushlucas.com"]}]}},"jetpack_sharing_enabled":true,"_links":{"self":[{"href":"https:\/\/lushlucas.com\/fr\/wp-json\/wp\/v2\/pages\/63","targetHints":{"allow":["GET"]}}],"collection":[{"href":"https:\/\/lushlucas.com\/fr\/wp-json\/wp\/v2\/pages"}],"about":[{"href":"https:\/\/lushlucas.com\/fr\/wp-json\/wp\/v2\/types\/page"}],"author":[{"embeddable":true,"href":"https:\/\/lushlucas.com\/fr\/wp-json\/wp\/v2\/users\/1"}],"replies":[{"embeddable":true,"href":"https:\/\/lushlucas.com\/fr\/wp-json\/wp\/v2\/comments?post=63"}],"version-history":[{"count":7,"href":"https:\/\/lushlucas.com\/fr\/wp-json\/wp\/v2\/pages\/63\/revisions"}],"predecessor-version":[{"id":366,"href":"https:\/\/lushlucas.com\/fr\/wp-json\/wp\/v2\/pages\/63\/revisions\/366"}],"wp:attachment":[{"href":"https:\/\/lushlucas.com\/fr\/wp-json\/wp\/v2\/media?parent=63"}],"curies":[{"name":"wp","href":"https:\/\/api.w.org\/{rel}","templated":true}]}}